{"id":914,"date":"2024-09-25T19:14:09","date_gmt":"2024-09-26T00:14:09","guid":{"rendered":"https:\/\/controlsatperu.com\/?post_type=product&#038;p=914"},"modified":"2026-02-10T07:55:00","modified_gmt":"2026-02-10T12:55:00","slug":"alarma-prestige-aps25ht","status":"publish","type":"product","link":"https:\/\/controlsatperu.com\/index.php\/producto\/alarma-prestige-aps25ht\/","title":{"rendered":"Alarma Prestige APS25HT"},"content":{"rendered":"<p>Incluye dos controles remotos de tres botones<\/p>\n<p>C\u00f3digo variable anti-hacking<\/p>\n<p>Receptor antiexploraci\u00f3n de detecci\u00f3n de c\u00f3digo de 4 canales<\/p>\n<p>Control remoto con alcance de hasta 60 metros<\/p>\n<p>Salida para pestillos el\u00e9ctricos (siempre y cuando el auto cuente con pestillos el\u00e9ctricos)<\/p>\n<p>Salida para sirena (incluida) y\/o para claxon<\/p>\n<p>Sirena multitono de seis tonos<\/p>\n<p>Parpadeo de luces del veh\u00edculo<\/p>\n<p>Detecci\u00f3n de apertura de puertas<\/p>\n<p>Detecci\u00f3n de golpes de doble etapa con pre aviso<\/p>\n","protected":false},"excerpt":{"rendered":"<p>Prestige APS25HT<br \/>\nLa mejor marca en alarmas para autos y camionetas.<br \/>\nM\u00e1xima seguridad con c\u00f3digo variable (anti hacking).<\/p>\n","protected":false},"featured_media":915,"comment_status":"open","ping_status":"closed","template":"","meta":{"_monsterinsights_skip_tracking":false,"_monsterinsights_sitenote_active":false,"_monsterinsights_sitenote_note":"","_monsterinsights_sitenote_category":0,"jetpack_publicize_message":"","jetpack_is_tweetstorm":false,"jetpack_publicize_feature_enabled":true,"jetpack_social_post_already_shared":true,"jetpack_social_options":{"image_generator_settings":{"template":"highway","enabled":false}}},"product_cat":[77],"product_tag":[78,81,82,83,79,80],"class_list":["post-914","product","type-product","status-publish","has-post-thumbnail","hentry","product_cat-alarmas","product_tag-alarma","product_tag-alarma-autos","product_tag-alarma-para-carro","product_tag-alarma-vehicular","product_tag-alarmas","product_tag-prestige"],"jetpack_publicize_connections":[],"aioseo_notices":[],"jetpack_sharing_enabled":true,"_links":{"self":[{"href":"https:\/\/controlsatperu.com\/index.php\/wp-json\/wp\/v2\/product\/914","targetHints":{"allow":["GET"]}}],"collection":[{"href":"https:\/\/controlsatperu.com\/index.php\/wp-json\/wp\/v2\/product"}],"about":[{"href":"https:\/\/controlsatperu.com\/index.php\/wp-json\/wp\/v2\/types\/product"}],"replies":[{"embeddable":true,"href":"https:\/\/controlsatperu.com\/index.php\/wp-json\/wp\/v2\/comments?post=914"}],"wp:featuredmedia":[{"embeddable":true,"href":"https:\/\/controlsatperu.com\/index.php\/wp-json\/wp\/v2\/media\/915"}],"wp:attachment":[{"href":"https:\/\/controlsatperu.com\/index.php\/wp-json\/wp\/v2\/media?parent=914"}],"wp:term":[{"taxonomy":"product_cat","embeddable":true,"href":"https:\/\/controlsatperu.com\/index.php\/wp-json\/wp\/v2\/product_cat?post=914"},{"taxonomy":"product_tag","embeddable":true,"href":"https:\/\/controlsatperu.com\/index.php\/wp-json\/wp\/v2\/product_tag?post=914"}],"curies":[{"name":"wp","href":"https:\/\/api.w.org\/{rel}","templated":true}]}}