{"id":895,"date":"2023-12-04T16:14:58","date_gmt":"2023-12-04T21:14:58","guid":{"rendered":"https:\/\/controlsatperu.com\/?post_type=product&#038;p=895"},"modified":"2025-06-18T22:34:21","modified_gmt":"2025-06-19T03:34:21","slug":"camara-espia-mini-wifi","status":"publish","type":"product","link":"https:\/\/controlsatperu.com\/index.php\/producto\/camara-espia-mini-wifi\/","title":{"rendered":"Camara espia mini wifi"},"content":{"rendered":"<p>Esta c\u00e1mara puede transmitir audio y video en tiempo real, puedes observar lo que sucede en tu entorno todo desde tu celular, apoyado con una bater\u00eda de larga duraci\u00f3n puede transmitir video en vivo alrededor de 8 horas, compatible con dispositivos android o IOS, soporta memorias de hasta 64gb e incluso puede transmitir video en vivo sin memoria, puedes ver las im\u00e1genes en vivo en tu celular aun sin internet sin usar megas solo buscas la se\u00f1al Wifi de la c\u00e1mara y abres la aplicaci\u00f3n o puedes verlo desde cualquier lugar usando una red wifi de internet con la c\u00e1mara.<br \/>\nPuedes ver lo que pasa en tu casa mientras estas en el trabajo, vigilar que hacen tus hijos cuando no estas o para prevenir robos.<br \/>\nEsta c\u00e1mara no utiliza las aplicaciones gen\u00e9ricas que usan todas las c\u00e1maras convencionales, esta c\u00e1mara tiene una aplicaci\u00f3n propia desarrollada por el mismo fabricante por lo cual es mucho mas estable y f\u00e1cil de usar.<br \/>\nTambi\u00e9n puede grabar en memoria, puedes configurar alertas de movimiento para proteger tu casa de robos.<\/p>\n<p>que incluye tu compra:<br \/>\n1 Modulo wifi<br \/>\n1 Bater\u00eda Recargable<br \/>\n1 Cable USB<br \/>\n1 Manual ingles\/ Espa\u00f1ol<\/p>\n","protected":false},"excerpt":{"rendered":"<p>Una c\u00e1mara que registre eventos importantes de reuniones, transacciones, conversaciones o para temas legales.<\/p>\n<p>Esta c\u00e1mara graba y transmite audio video en tiempo real a su celular.<\/p>\n","protected":false},"featured_media":896,"comment_status":"open","ping_status":"closed","template":"","meta":{"_monsterinsights_skip_tracking":false,"_monsterinsights_sitenote_active":false,"_monsterinsights_sitenote_note":"","_monsterinsights_sitenote_category":0,"jetpack_publicize_message":"","jetpack_is_tweetstorm":false,"jetpack_publicize_feature_enabled":true,"jetpack_social_post_already_shared":true,"jetpack_social_options":{"image_generator_settings":{"template":"highway","enabled":false}}},"product_cat":[51],"product_tag":[71,74,76,75,72,73],"class_list":["post-895","product","type-product","status-publish","has-post-thumbnail","hentry","product_cat-camarasvehiculares","product_tag-camara-espia","product_tag-camara-mini","product_tag-camara-oculta","product_tag-camara-wifi","product_tag-camaras-espia","product_tag-mini-camara"],"jetpack_publicize_connections":[],"aioseo_notices":[],"jetpack_sharing_enabled":true,"_links":{"self":[{"href":"https:\/\/controlsatperu.com\/index.php\/wp-json\/wp\/v2\/product\/895","targetHints":{"allow":["GET"]}}],"collection":[{"href":"https:\/\/controlsatperu.com\/index.php\/wp-json\/wp\/v2\/product"}],"about":[{"href":"https:\/\/controlsatperu.com\/index.php\/wp-json\/wp\/v2\/types\/product"}],"replies":[{"embeddable":true,"href":"https:\/\/controlsatperu.com\/index.php\/wp-json\/wp\/v2\/comments?post=895"}],"wp:featuredmedia":[{"embeddable":true,"href":"https:\/\/controlsatperu.com\/index.php\/wp-json\/wp\/v2\/media\/896"}],"wp:attachment":[{"href":"https:\/\/controlsatperu.com\/index.php\/wp-json\/wp\/v2\/media?parent=895"}],"wp:term":[{"taxonomy":"product_cat","embeddable":true,"href":"https:\/\/controlsatperu.com\/index.php\/wp-json\/wp\/v2\/product_cat?post=895"},{"taxonomy":"product_tag","embeddable":true,"href":"https:\/\/controlsatperu.com\/index.php\/wp-json\/wp\/v2\/product_tag?post=895"}],"curies":[{"name":"wp","href":"https:\/\/api.w.org\/{rel}","templated":true}]}}