{"id":894,"date":"2023-12-04T15:57:35","date_gmt":"2023-12-04T20:57:35","guid":{"rendered":"https:\/\/controlsatperu.com\/?post_type=product&#038;p=894"},"modified":"2025-07-14T17:37:35","modified_gmt":"2025-07-14T22:37:35","slug":"instalacion-de-gps-o-trabagas","status":"publish","type":"product","link":"https:\/\/controlsatperu.com\/index.php\/producto\/instalacion-de-gps-o-trabagas\/","title":{"rendered":"Servicio de Instalaci\u00f3n de GPS o Trabagas"},"content":{"rendered":"<p>Instalaci\u00f3n de GPS o trabagas en nuestro local o a domicilio (a domicilio tiene costo adicional por movilidad).<\/p>\n<p>Personal t\u00e9cnico verdaderamente calificado para todo tipo de veh\u00edculo.<\/p>\n<p>Instalaci\u00f3n segura sin afectar sistema el\u00e9ctrico del veh\u00edculo.<\/p>\n<p>Incluye los accesorios y materiales de instalaci\u00f3n.<\/p>\n<p>Incluye la capacitaci\u00f3n para el uso de su producto.<\/p>\n<p>Incluye garant\u00eda por la instalaci\u00f3n.<\/p>\n<p>No incluye garant\u00eda por el equipo en caso lo haya comprado a un tercero.<\/p>\n","protected":false},"excerpt":{"rendered":"<p>La instalaci\u00f3n a sido dejado de lado, sin saber que este juega un papel muy importante para la seguridad de su veh\u00edculo.<\/p>\n<p>Deje este trabajo en manos de verdaderos t\u00e9cnicos especializados.<\/p>\n","protected":false},"featured_media":900,"comment_status":"open","ping_status":"closed","template":"","meta":{"_monsterinsights_skip_tracking":false,"_monsterinsights_sitenote_active":false,"_monsterinsights_sitenote_note":"","_monsterinsights_sitenote_category":0,"jetpack_publicize_message":"","jetpack_is_tweetstorm":false,"jetpack_publicize_feature_enabled":true,"jetpack_social_post_already_shared":true,"jetpack_social_options":{"image_generator_settings":{"template":"highway","enabled":false}}},"product_cat":[16],"product_tag":[94],"class_list":["post-894","product","type-product","status-publish","has-post-thumbnail","hentry","product_cat-sin-categorizar","product_tag-instalacion"],"jetpack_publicize_connections":[],"aioseo_notices":[],"jetpack_sharing_enabled":true,"_links":{"self":[{"href":"https:\/\/controlsatperu.com\/index.php\/wp-json\/wp\/v2\/product\/894","targetHints":{"allow":["GET"]}}],"collection":[{"href":"https:\/\/controlsatperu.com\/index.php\/wp-json\/wp\/v2\/product"}],"about":[{"href":"https:\/\/controlsatperu.com\/index.php\/wp-json\/wp\/v2\/types\/product"}],"replies":[{"embeddable":true,"href":"https:\/\/controlsatperu.com\/index.php\/wp-json\/wp\/v2\/comments?post=894"}],"wp:featuredmedia":[{"embeddable":true,"href":"https:\/\/controlsatperu.com\/index.php\/wp-json\/wp\/v2\/media\/900"}],"wp:attachment":[{"href":"https:\/\/controlsatperu.com\/index.php\/wp-json\/wp\/v2\/media?parent=894"}],"wp:term":[{"taxonomy":"product_cat","embeddable":true,"href":"https:\/\/controlsatperu.com\/index.php\/wp-json\/wp\/v2\/product_cat?post=894"},{"taxonomy":"product_tag","embeddable":true,"href":"https:\/\/controlsatperu.com\/index.php\/wp-json\/wp\/v2\/product_tag?post=894"}],"curies":[{"name":"wp","href":"https:\/\/api.w.org\/{rel}","templated":true}]}}