{"id":893,"date":"2023-12-04T15:36:28","date_gmt":"2023-12-04T20:36:28","guid":{"rendered":"https:\/\/controlsatperu.com\/?post_type=product&#038;p=893"},"modified":"2025-07-14T17:48:12","modified_gmt":"2025-07-14T22:48:12","slug":"893","status":"publish","type":"product","link":"https:\/\/controlsatperu.com\/index.php\/producto\/893\/","title":{"rendered":"GPS 4G Europeo &#8211; Transporte de carga y pasajeros"},"content":{"rendered":"<p>Estas cansado de tener un GPS que ande fallando constantemente siendo m\u00e1s un dolor de cabeza en lugar de ser una soluci\u00f3n?<br \/>\nCon nuestro GPS te olvidar\u00e1s de esos problemas, tenemos un GPS super confiable que es capaz de trabajar por a\u00f1os sin requerir de mantenimiento.<\/p>\n<p>Nuestro Sistema ofrece las siguientes funciones principales:<\/p>\n<p>&#8211; Con la tecnolog\u00eda 4G, la m\u00e1s moderna del mercado actual y la garant\u00eda de fabricaci\u00f3n europea.<\/p>\n<p>\u2013 Rastreo en tiempo real.<\/p>\n<p>\u2013 Reporte de recorridos diarios o de d\u00edas anteriores hasta 6 meses atr\u00e1s.<\/p>\n<p>\u2013 Reporte de horas trabajadas o viajes.<\/p>\n<p>\u2013 Reporte de kil\u00f3metros recorridos.<\/p>\n<p>\u2013 Reporte de excesos de velocidad.<\/p>\n<p>\u2013 Geo-cerca: alertas cuando el veh\u00edculo entre\/salga de zonas de inter\u00e9s. Ej. Avisa cuando entra o sale de su cochera, cuando entra o sale del almac\u00e9n principal, cuando llega o sale del cliente.<\/p>\n<p>\u2013 Opcional: Bot\u00f3n de p\u00e1nico, en caso de emergencia.<\/p>\n<p>\u2013 Equipo GPS cuenta con bater\u00eda de respaldo.<\/p>\n<p>\u2013 instalaci\u00f3n estrat\u00e9gica para evitar los bloqueadores de GPS.<\/p>\n<p>\u2013 Transmisi\u00f3n a SUTRAN y otras webservice como: OSINERGMIN, MAERSK, YURA, TRUPAL, GLORIA, SEDAPAL, etc.<\/p>\n<p>\u2013 Acceso a nuestra plataforma las 24 horas del d\u00eda y los 7 d\u00edas de la semana.<\/p>\n<p>\u2013 Tecnolog\u00eda y fabricaci\u00f3n europea.<\/p>\n","protected":false},"excerpt":{"rendered":"<p>Olv\u00eddate de trabajar con GPS que fallan constantemente y nadie te da soluci\u00f3n.<br \/>\nGracias a nuestro GPS 4G de fabricaci\u00f3n europea, cubrimos las exigentes rutas a nivel nacional e internacional.<\/p>\n<p>Con la posibilidad de adquirir el servicio extendido de nuestro chip multi operador capaz de conectarse a las antenas de los 4 operadores m\u00e1s importantes del Per\u00fa (claro, movistar, entel y bitel).<\/p>\n","protected":false},"featured_media":778,"comment_status":"open","ping_status":"closed","template":"","meta":{"_monsterinsights_skip_tracking":false,"_monsterinsights_sitenote_active":false,"_monsterinsights_sitenote_note":"","_monsterinsights_sitenote_category":0,"jetpack_publicize_message":"","jetpack_is_tweetstorm":false,"jetpack_publicize_feature_enabled":true,"jetpack_social_post_already_shared":true,"jetpack_social_options":{"image_generator_settings":{"template":"highway","enabled":false}}},"product_cat":[50],"product_tag":[66,36,69,70,68],"class_list":["post-893","product","type-product","status-publish","has-post-thumbnail","hentry","product_cat-rastreogps","product_tag-gps","product_tag-gps-para-camiones","product_tag-mtc","product_tag-sutran","product_tag-transporte"],"jetpack_publicize_connections":[],"aioseo_notices":[],"jetpack_sharing_enabled":true,"_links":{"self":[{"href":"https:\/\/controlsatperu.com\/index.php\/wp-json\/wp\/v2\/product\/893","targetHints":{"allow":["GET"]}}],"collection":[{"href":"https:\/\/controlsatperu.com\/index.php\/wp-json\/wp\/v2\/product"}],"about":[{"href":"https:\/\/controlsatperu.com\/index.php\/wp-json\/wp\/v2\/types\/product"}],"replies":[{"embeddable":true,"href":"https:\/\/controlsatperu.com\/index.php\/wp-json\/wp\/v2\/comments?post=893"}],"wp:featuredmedia":[{"embeddable":true,"href":"https:\/\/controlsatperu.com\/index.php\/wp-json\/wp\/v2\/media\/778"}],"wp:attachment":[{"href":"https:\/\/controlsatperu.com\/index.php\/wp-json\/wp\/v2\/media?parent=893"}],"wp:term":[{"taxonomy":"product_cat","embeddable":true,"href":"https:\/\/controlsatperu.com\/index.php\/wp-json\/wp\/v2\/product_cat?post=893"},{"taxonomy":"product_tag","embeddable":true,"href":"https:\/\/controlsatperu.com\/index.php\/wp-json\/wp\/v2\/product_tag?post=893"}],"curies":[{"name":"wp","href":"https:\/\/api.w.org\/{rel}","templated":true}]}}