{"id":891,"date":"2023-12-04T15:08:46","date_gmt":"2023-12-04T20:08:46","guid":{"rendered":"https:\/\/controlsatperu.com\/?post_type=product&#038;p=891"},"modified":"2025-07-14T18:20:08","modified_gmt":"2025-07-14T23:20:08","slug":"gps-4g-europeo-autos-y-camionetas","status":"publish","type":"product","link":"https:\/\/controlsatperu.com\/index.php\/producto\/gps-4g-europeo-autos-y-camionetas\/","title":{"rendered":"GPS 4G Europeo &#8211; Autos &#8211; Anual"},"content":{"rendered":"<p>Equipo GPS de fabricaci\u00f3n europea con tecnolog\u00eda 4G + funci\u00f3n Antijamming<\/p>\n<p>Rastreo en tiempo real.<br \/>\nReporte de recorridos diarios o de d\u00edas anteriores hasta 3 meses atr\u00e1s.<br \/>\nReporte de excesos de velocidad.<\/p>\n<p>Geo-cercas: esta funci\u00f3n notifica cada vez que su veh\u00edculo sale\/entra a su cochera o centro de trabajo.<\/p>\n<p>Solo los equipos GPS de marca cuentan con la funci\u00f3n antijamming (detecta bloqueadores de GPS) y se defiende apagando el motor autom\u00e1ticamente.<\/p>\n<p>Apagado del motor del auto desde la aplicaci\u00f3n m\u00f3vil en caso de robo.<br \/>\nCorta corriente electr\u00f3nico.<a class=\"btn btn-more\" href=\"https:\/\/controlsatperu.com\/cortacorriente.html\"><i class=\"fa fa-plus\"><\/i>\u00a0Leer m\u00e1s<\/a><\/p>\n<p>Alertas por manipulaci\u00f3n de chapa o arranque de motor.<br \/>\nAlertas por apertura de puerta y capot (opcional).<a class=\"btn btn-more\" href=\"https:\/\/controlsatperu.com\/alarmas-apertura.html\"><i class=\"fa fa-plus\"><\/i>\u00a0Leer m\u00e1s<\/a><br \/>\nAlertas de remolque.<a class=\"btn btn-more\" href=\"https:\/\/controlsatperu.com\/alarmas-remolque.html\"><i class=\"fa fa-plus\"><\/i>\u00a0Leer m\u00e1s<\/a><br \/>\nAlertas en caso desconecten la bater\u00eda del veh\u00edculo<\/p>\n<p>GPS con bater\u00eda de respaldo, seguir\u00e1 funcionando aunque le quiten la corriente.<\/p>\n<p>Acceso a nuestra plataforma las 24 horas del d\u00eda y los 7 d\u00edas de la semana.<br \/>\nEl pago indicado incluye equipo GPS, la instalaci\u00f3n m\u00e1s un a\u00f1o completo de servicio.<br \/>\nSi pasado el a\u00f1o desea renovar por un a\u00f1o m\u00e1s de servicio, solo pagar\u00e1 400 soles.<\/p>\n","protected":false},"excerpt":{"rendered":"<p>La mejor tecnolog\u00eda de GPS 4G de fabricaci\u00f3n europea son la mejor opci\u00f3n para tu auto o camioneta.<\/p>\n<p>Cubre la cobertura de las redes 2G y la red 4G mejorando notablemente la se\u00f1al a nivel nacional y algunos pa\u00edses de Latinoam\u00e9rica.<\/p>\n<p>Su tecnolog\u00eda evita desfases y desperfectos de ubicaci\u00f3n a diferencia de los GPS 2G.<\/p>\n<p>Con la posibilidad de extender a\u00fan m\u00e1s la cobertura de se\u00f1al celular, usando nuestro chip multi-operador (1 solo chip que usa las antenas de claro, movistar, entel y bitel).<\/p>\n<p>&nbsp;<\/p>\n","protected":false},"featured_media":780,"comment_status":"open","ping_status":"closed","template":"","meta":{"_monsterinsights_skip_tracking":false,"_monsterinsights_sitenote_active":false,"_monsterinsights_sitenote_note":"","_monsterinsights_sitenote_category":0,"jetpack_publicize_message":"","jetpack_is_tweetstorm":false,"jetpack_publicize_feature_enabled":true,"jetpack_social_post_already_shared":true,"jetpack_social_options":{"image_generator_settings":{"template":"highway","enabled":false}}},"product_cat":[50],"product_tag":[59,65,63,35,62,61,64],"class_list":["post-891","product","type-product","status-publish","has-post-thumbnail","hentry","product_cat-rastreogps","product_tag-gps-4g","product_tag-gps-en-lima","product_tag-gps-europeo","product_tag-gps-para-autos","product_tag-gps-para-camioneta","product_tag-gps-para-carro","product_tag-mejor-gps"],"jetpack_publicize_connections":[],"aioseo_notices":[],"jetpack_sharing_enabled":true,"_links":{"self":[{"href":"https:\/\/controlsatperu.com\/index.php\/wp-json\/wp\/v2\/product\/891","targetHints":{"allow":["GET"]}}],"collection":[{"href":"https:\/\/controlsatperu.com\/index.php\/wp-json\/wp\/v2\/product"}],"about":[{"href":"https:\/\/controlsatperu.com\/index.php\/wp-json\/wp\/v2\/types\/product"}],"replies":[{"embeddable":true,"href":"https:\/\/controlsatperu.com\/index.php\/wp-json\/wp\/v2\/comments?post=891"}],"wp:featuredmedia":[{"embeddable":true,"href":"https:\/\/controlsatperu.com\/index.php\/wp-json\/wp\/v2\/media\/780"}],"wp:attachment":[{"href":"https:\/\/controlsatperu.com\/index.php\/wp-json\/wp\/v2\/media?parent=891"}],"wp:term":[{"taxonomy":"product_cat","embeddable":true,"href":"https:\/\/controlsatperu.com\/index.php\/wp-json\/wp\/v2\/product_cat?post=891"},{"taxonomy":"product_tag","embeddable":true,"href":"https:\/\/controlsatperu.com\/index.php\/wp-json\/wp\/v2\/product_tag?post=891"}],"curies":[{"name":"wp","href":"https:\/\/api.w.org\/{rel}","templated":true}]}}