{"id":607,"date":"2023-04-18T11:08:43","date_gmt":"2023-04-18T09:08:43","guid":{"rendered":"https:\/\/envothemes.com\/envo-ecommerce\/product\/import-placeholder-for-51\/"},"modified":"2026-04-03T00:02:30","modified_gmt":"2026-04-03T05:02:30","slug":"autos","status":"publish","type":"product","link":"https:\/\/controlsatperu.com\/index.php\/producto\/autos\/","title":{"rendered":"GPS 4G Chino &#8211; Autos &#8211; Anual"},"content":{"rendered":"<p>Fabricaci\u00f3n china con tecnolog\u00eda 4G, lo mejor del sector de productos chinos probado y aprobado.<\/p>\n<p>Rastreo en tiempo real.<br \/>\nReporte de recorridos diarios o de d\u00edas anteriores hasta 3 meses atras.<br \/>\nReporte de excesos de velocidad.<\/p>\n<p>Geo-cercas: esta funci\u00f3n puede notificar cada vez que su veh\u00edculo salga\/entre de su cochera o centro de trabajo.<\/p>\n<p>Apagado del motor del auto desde la aplicaci\u00f3n m\u00f3vil en caso de robo.<br \/>\nCorta corriente electr\u00f3nico.<a class=\"btn btn-more\" href=\"https:\/\/controlsatperu.com\/cortacorriente.html\"><i class=\"fa fa-plus\"><\/i>\u00a0Leer m\u00e1s<\/a><br \/>\nAlertas por manipulaci\u00f3n de chapa o arranque de motor.<\/p>\n<p>Alertas por apertura de puerta y capot (opcional).<a class=\"btn btn-more\" href=\"https:\/\/controlsatperu.com\/alarmas-apertura.html\"><i class=\"fa fa-plus\"><\/i>\u00a0Leer m\u00e1s<\/a><\/p>\n<p>Alertas de remolque.<a class=\"btn btn-more\" href=\"https:\/\/controlsatperu.com\/alarmas-remolque.html\"><i class=\"fa fa-plus\"><\/i>\u00a0Leer m\u00e1s<\/a><\/p>\n<p>Alertas en caso desconecten la bater\u00eda del veh\u00edculo<br \/>\nGPS con bater\u00eda de respaldo, seguir\u00e1 funcionando aunque le quiten la corriente.<\/p>\n<p>Acceso a nuestra plataforma las 24 horas del d\u00eda y los 7 d\u00edas de la semana.<br \/>\nEl pago indicado incluye equipo GPS, la instalaci\u00f3n m\u00e1s un a\u00f1o completo de servicio.<br \/>\nSi pasado el a\u00f1o desea renovar por un a\u00f1o m\u00e1s de servicio, solo pagar\u00e1 300 soles.<\/p>\n","protected":false},"excerpt":{"rendered":"<p>La importancia de un buen GPS y de una buena instalaci\u00f3n no debe ser una opci\u00f3n, tiene que ser la \u00fanica opci\u00f3n. Esta combinaci\u00f3n es la que nos a permitido lograr la recuperaci\u00f3n de los veh\u00edculos robados de nuestros clientes.<\/p>\n","protected":false},"featured_media":780,"comment_status":"open","ping_status":"closed","template":"","meta":{"_monsterinsights_skip_tracking":false,"_monsterinsights_sitenote_active":false,"_monsterinsights_sitenote_note":"","_monsterinsights_sitenote_category":0,"jetpack_publicize_message":"","jetpack_is_tweetstorm":false,"jetpack_publicize_feature_enabled":true,"jetpack_social_post_already_shared":false,"jetpack_social_options":{"image_generator_settings":{"template":"highway","enabled":false}}},"product_cat":[16,50],"product_tag":[35],"class_list":["post-607","product","type-product","status-publish","has-post-thumbnail","hentry","product_cat-sin-categorizar","product_cat-rastreogps","product_tag-gps-para-autos"],"jetpack_publicize_connections":[],"aioseo_notices":[],"jetpack_sharing_enabled":true,"_links":{"self":[{"href":"https:\/\/controlsatperu.com\/index.php\/wp-json\/wp\/v2\/product\/607","targetHints":{"allow":["GET"]}}],"collection":[{"href":"https:\/\/controlsatperu.com\/index.php\/wp-json\/wp\/v2\/product"}],"about":[{"href":"https:\/\/controlsatperu.com\/index.php\/wp-json\/wp\/v2\/types\/product"}],"replies":[{"embeddable":true,"href":"https:\/\/controlsatperu.com\/index.php\/wp-json\/wp\/v2\/comments?post=607"}],"wp:featuredmedia":[{"embeddable":true,"href":"https:\/\/controlsatperu.com\/index.php\/wp-json\/wp\/v2\/media\/780"}],"wp:attachment":[{"href":"https:\/\/controlsatperu.com\/index.php\/wp-json\/wp\/v2\/media?parent=607"}],"wp:term":[{"taxonomy":"product_cat","embeddable":true,"href":"https:\/\/controlsatperu.com\/index.php\/wp-json\/wp\/v2\/product_cat?post=607"},{"taxonomy":"product_tag","embeddable":true,"href":"https:\/\/controlsatperu.com\/index.php\/wp-json\/wp\/v2\/product_tag?post=607"}],"curies":[{"name":"wp","href":"https:\/\/api.w.org\/{rel}","templated":true}]}}