{"id":586,"date":"2023-04-18T11:08:43","date_gmt":"2023-04-18T09:08:43","guid":{"rendered":"https:\/\/envothemes.com\/envo-ecommerce\/product\/import-placeholder-for-47\/"},"modified":"2023-11-22T15:22:33","modified_gmt":"2023-11-22T20:22:33","slug":"camarasvehiculares","status":"publish","type":"product","link":"https:\/\/controlsatperu.com\/index.php\/producto\/camarasvehiculares\/","title":{"rendered":"C\u00e1mara vehicular"},"content":{"rendered":"<p><strong>Funciones y Servicios del equipo y plataforma:<\/strong><br \/>\n-MDVR Vehicular GPS\/4G (grabador y transmisor de video).<br \/>\n-GPS incorporado, ubicaci\u00f3n en tiempo real.<br \/>\n-Soporta hasta 4 c\u00e1maras de video en resoluci\u00f3n FHD 1080p.<br \/>\n-Soporta disco duro de hasta 1TB y Memoria SD hasta 512GB.<br \/>\n-Conexi\u00f3n M\u00f3vil con tecnolog\u00eda 4G.<br \/>\nVisualizaci\u00f3n de video y ubicaci\u00f3n GPS en tiempo real desde la web y aplicaci\u00f3n m\u00f3vil.<br \/>\nTiempo de funcionamiento programable, las 24 horas, por horarios y por encendido de motor.<br \/>\n-Rango de voltaje de 12 a 24 voltios.<br \/>\n-Garant\u00eda de 1 a\u00f1o por todos los productos.<br \/>\n-C\u00e1maras met\u00e1licas con infrarrojo, soportan agua y polvo.<br \/>\n-El MDVR esta preparado para el trabajo duro, altas vibraciones y golpes.<br \/>\n-Requiere de una SIMCARD o chip con plan de datos para conectarse al internet.<br \/>\n-Web y aplicaci\u00f3n gratuita para la visualizaci\u00f3n de las c\u00e1maras en vivo.<\/p>\n","protected":false},"excerpt":{"rendered":"<p>Existen veh\u00edculos que no solo requieren saber su ubicaci\u00f3n, tambi\u00e9n es importante ver su alrededor, las actividades y lo que esta pasando dentro y fuera del veh\u00edculo.<\/p>\n<p>Para esto contamos con productos MDVR 4G\/GPS\/WIFI y c\u00e1maras vehiculares con grabaci\u00f3n local en disco duro y transmisi\u00f3n de video en vivo desde una aplicaci\u00f3n m\u00f3vil o computadora.<\/p>\n","protected":false},"featured_media":777,"comment_status":"open","ping_status":"closed","template":"","meta":{"_monsterinsights_skip_tracking":false,"_monsterinsights_sitenote_active":false,"_monsterinsights_sitenote_note":"","_monsterinsights_sitenote_category":0,"jetpack_publicize_message":"","jetpack_is_tweetstorm":false,"jetpack_publicize_feature_enabled":true,"jetpack_social_post_already_shared":false,"jetpack_social_options":{"image_generator_settings":{"template":"highway","enabled":false}}},"product_cat":[16,51],"product_tag":[41,43,44,42,45],"class_list":["post-586","product","type-product","status-publish","has-post-thumbnail","hentry","product_cat-sin-categorizar","product_cat-camarasvehiculares","product_tag-camara-con-gps","product_tag-camara-para-auto","product_tag-camara-para-camion","product_tag-camara-vehicular","product_tag-mdvr"],"jetpack_publicize_connections":[],"aioseo_notices":[],"jetpack_sharing_enabled":true,"_links":{"self":[{"href":"https:\/\/controlsatperu.com\/index.php\/wp-json\/wp\/v2\/product\/586","targetHints":{"allow":["GET"]}}],"collection":[{"href":"https:\/\/controlsatperu.com\/index.php\/wp-json\/wp\/v2\/product"}],"about":[{"href":"https:\/\/controlsatperu.com\/index.php\/wp-json\/wp\/v2\/types\/product"}],"replies":[{"embeddable":true,"href":"https:\/\/controlsatperu.com\/index.php\/wp-json\/wp\/v2\/comments?post=586"}],"wp:featuredmedia":[{"embeddable":true,"href":"https:\/\/controlsatperu.com\/index.php\/wp-json\/wp\/v2\/media\/777"}],"wp:attachment":[{"href":"https:\/\/controlsatperu.com\/index.php\/wp-json\/wp\/v2\/media?parent=586"}],"wp:term":[{"taxonomy":"product_cat","embeddable":true,"href":"https:\/\/controlsatperu.com\/index.php\/wp-json\/wp\/v2\/product_cat?post=586"},{"taxonomy":"product_tag","embeddable":true,"href":"https:\/\/controlsatperu.com\/index.php\/wp-json\/wp\/v2\/product_tag?post=586"}],"curies":[{"name":"wp","href":"https:\/\/api.w.org\/{rel}","templated":true}]}}